{"id":5067,"date":"2022-08-11T12:22:49","date_gmt":"2022-08-11T10:22:49","guid":{"rendered":"https:\/\/caravenuemercedes.be\/front-car-avenue-2022\/"},"modified":"2023-12-06T19:01:36","modified_gmt":"2023-12-06T17:01:36","slug":"front-car-avenue-2022","status":"publish","type":"page","link":"https:\/\/caravenuemercedes.be\/de\/front-car-avenue-2022\/","title":{"rendered":"Front Car Avenue 2022"},"content":{"rendered":"<p>&nbsp;<\/p>\n<p>&nbsp;<\/p>\n","protected":false},"excerpt":{"rendered":"<p>&nbsp; &nbsp;<\/p>\n","protected":false},"author":8,"featured_media":0,"parent":0,"menu_order":0,"comment_status":"closed","ping_status":"closed","template":"template-landing.php","meta":{"_acf_changed":false,"_seopress_robots_primary_cat":"","_seopress_titles_title":"Car Avenue | Mercedes-Benz V\u00e9hicules particuliers, Utilitaires l\u00e9gers  &amp; Camions ","_seopress_titles_desc":"Car Avenue | Mercedes-Benz 7 concessions \u00e0 votre service pour la vente de v\u00e9hicules neufs et occasions certified en province de Namur, Li\u00e8ge et Luxembourg","_seopress_robots_index":"","footnotes":""},"class_list":["post-5067","page","type-page","status-publish","hentry"],"acf":[],"_links":{"self":[{"href":"https:\/\/caravenuemercedes.be\/de\/wp-json\/wp\/v2\/pages\/5067","targetHints":{"allow":["GET"]}}],"collection":[{"href":"https:\/\/caravenuemercedes.be\/de\/wp-json\/wp\/v2\/pages"}],"about":[{"href":"https:\/\/caravenuemercedes.be\/de\/wp-json\/wp\/v2\/types\/page"}],"author":[{"embeddable":true,"href":"https:\/\/caravenuemercedes.be\/de\/wp-json\/wp\/v2\/users\/8"}],"replies":[{"embeddable":true,"href":"https:\/\/caravenuemercedes.be\/de\/wp-json\/wp\/v2\/comments?post=5067"}],"version-history":[{"count":21,"href":"https:\/\/caravenuemercedes.be\/de\/wp-json\/wp\/v2\/pages\/5067\/revisions"}],"predecessor-version":[{"id":5658,"href":"https:\/\/caravenuemercedes.be\/de\/wp-json\/wp\/v2\/pages\/5067\/revisions\/5658"}],"wp:attachment":[{"href":"https:\/\/caravenuemercedes.be\/de\/wp-json\/wp\/v2\/media?parent=5067"}],"curies":[{"name":"wp","href":"https:\/\/api.w.org\/{rel}","templated":true}]}}