{"id":3965,"date":"2020-10-25T16:41:43","date_gmt":"2020-10-25T16:41:43","guid":{"rendered":"https:\/\/caravenuemercedes.be\/mentions-legales\/"},"modified":"2020-10-30T09:31:38","modified_gmt":"2020-10-30T09:31:38","slug":"legal","status":"publish","type":"page","link":"https:\/\/caravenuemercedes.be\/de\/legal\/","title":{"rendered":"Legal"},"content":{"rendered":"","protected":false},"excerpt":{"rendered":"","protected":false},"author":1,"featured_media":0,"parent":0,"menu_order":0,"comment_status":"closed","ping_status":"closed","template":"","meta":{"_acf_changed":false,"_seopress_robots_primary_cat":"","_seopress_titles_title":"Mentions l\u00e9gales Mercedes-Benz Car Avenue &amp; Impressum ","_seopress_titles_desc":"Le contenu de ce site (textes, images, graphiques, sons, vid\u00e9os, animations et arrangements) est soumis \u00e0 la l\u00e9gislation relative au droit d\u2019auteur et \u00e0 la propri\u00e9t\u00e9 intellectuelle.","_seopress_robots_index":"","footnotes":""},"class_list":["post-3965","page","type-page","status-publish","hentry"],"acf":[],"_links":{"self":[{"href":"https:\/\/caravenuemercedes.be\/de\/wp-json\/wp\/v2\/pages\/3965","targetHints":{"allow":["GET"]}}],"collection":[{"href":"https:\/\/caravenuemercedes.be\/de\/wp-json\/wp\/v2\/pages"}],"about":[{"href":"https:\/\/caravenuemercedes.be\/de\/wp-json\/wp\/v2\/types\/page"}],"author":[{"embeddable":true,"href":"https:\/\/caravenuemercedes.be\/de\/wp-json\/wp\/v2\/users\/1"}],"replies":[{"embeddable":true,"href":"https:\/\/caravenuemercedes.be\/de\/wp-json\/wp\/v2\/comments?post=3965"}],"version-history":[{"count":3,"href":"https:\/\/caravenuemercedes.be\/de\/wp-json\/wp\/v2\/pages\/3965\/revisions"}],"predecessor-version":[{"id":3970,"href":"https:\/\/caravenuemercedes.be\/de\/wp-json\/wp\/v2\/pages\/3965\/revisions\/3970"}],"wp:attachment":[{"href":"https:\/\/caravenuemercedes.be\/de\/wp-json\/wp\/v2\/media?parent=3965"}],"curies":[{"name":"wp","href":"https:\/\/api.w.org\/{rel}","templated":true}]}}